{"id":96,"date":"2023-02-02T16:21:08","date_gmt":"2023-02-02T16:21:08","guid":{"rendered":"https:\/\/protopopiatebn.ro\/?page_id=96"},"modified":"2025-02-27T16:33:16","modified_gmt":"2025-02-27T14:33:16","slug":"istoric-protopopiatul-beclean","status":"publish","type":"page","link":"https:\/\/www.protopopiatebn.ro\/index.php\/istoric-protopopiatul-beclean\/","title":{"rendered":"ISTORIC PROTOPOPIATUL BECLEAN"},"content":{"rendered":"\n<p>Denumirea oficial\u0103 a institu\u0163iei a fost Protopopiatul greco &#8211; catolic &#8211; Tractul Beclean &#8211; Nu\u015feni. Protopopiatul s-a \u00eenfiin\u0163at \u00een perioada 1782-1835. Actele normative care au reglementat activitatea Protopopiatului greco &#8211; catolic &#8211; Tractul Beclean &#8211; Nu\u015feni, au fost declara\u0163iile de unire cu biserica Romei din 21 martie \u015fi iunie 1697, 07.10.1698, 05.09.1700, ianuarie 1701, diplomele de unire cu biserica Romei din februarie 1699 \u015fi 19.03.1701.<br>\u00cen fruntea protopopiatului se afla protopopul. El trebuia s\u0103 viziteze anual parohiile din subordine, s\u0103 se asigure c\u0103 serviciul religios \u015fi catehizarea se desf\u0103\u015foar\u0103 dup\u0103 prescrip\u0163iile episcopale, s\u0103 vegheze ca ordinele episcopale s\u0103 se respecte, s\u0103 primeasc\u0103 \u015fi s\u0103 \u00eenainteze la episcopie cererile \u015fi pl\u00e2ngerile clericilor \u015fi mirenilor, s\u0103 asiste personal sau prin delega\u0163i la examenele \u015fcolare semestriale, s\u0103 \u00eenainteze rezultatele examenelor \u015fcolare la episcopie \u015fi s\u0103 verifice metodele de predare ale \u00eenv\u0103\u0163\u0103torilor, s\u0103 pun\u0103 \u00een dezbaterea adun\u0103rii protopope\u015fti problemele ridicate de episcopie \u015fi s\u0103 raporteze episcopiei despre mi\u015fc\u0103rile confesionale. Cu ocazia vizitei anuale protopopii urm\u0103reau integritatea credin\u0163ei, moralitatea preo\u0163ilor \u015fi mirenilor, d\u0103dea \u00eenv\u0103\u0163\u0103turi dogmatice credincio\u015filor, \u00eendemna p\u0103rin\u0163ii s\u0103-\u015fi trimit\u0103 copiii la \u015fcoal\u0103, verifica \u00eendeplinirea \u00eendatoririlor de c\u0103tre \u00eenv\u0103\u0163\u0103tori, comb\u0103tea p\u0103catele, inspecta starea cl\u0103dirilor \u015fi propriet\u0103\u0163ilor biserice\u015fti-\u015fcolare, verifica actele biserice\u015fti-\u015fcolare. Protopopii aveau dreptul de a convoca \u015fi prezida sinoadele protopope\u015fti, a alege secretarul protopopesc \u015fi judec\u0103torii din forul protopopesc, de a emite actele de cununie, de a instala noii preo\u0163i, de a \u00eenmorm\u00e2nta preo\u0163ii deceda\u0163i, de a dezbate cauze biserice\u015fti, de a se \u00eengriji de administrarea parohiilor vacante, de a lua parte la sinoadele episcopale, de a binecuv\u00e2nta, de a percepe veniturile protopope\u015fti, de a purta titlul de prea onorat, de a avea sigiliu \u015fi de a reprezenta protopopiatul fa\u0163\u0103 de autorit\u0103\u0163ile politice. El era ajutat \u00een administrarea teritoriului aflat sub jurisdic\u0163ia sa \u015fi \u00een luarea celor mai importante decizii de c\u0103tre sinodul protopopesc. Printre atribu\u0163iile sinodului protopopesc se num\u0103rau dreptul de alegere a deputa\u0163ilor la sinodul episcopal \u015fi a jura\u0163ilor scaunului protopopesc. Totodat\u0103, sinodul protopopesc avea jurisdic\u0163ie contencioas\u0103 \u015fi penal\u0103 asupra clerului \u015fi credincio\u015filor din protopopiatului respectiv \u015fi avea obliga\u0163ia de a rezolva anumite cauze administrativ-biserice\u015fti, de a publica deciziile sinodului episcopal \u015fi de a conscrie preo\u0163ii. Prin constituirea \u00een tribunale, sinoadele protopope\u015fti au intervenit \u00een dezamorsarea tensiunilor din \u015fi dintre comunit\u0103\u0163i, au supravegheat comportamentul moral al credincio\u015filor \u015fi preo\u0163ilor. Sinoadele aveau competen\u0163e \u00een cauze matrimoniale ale credincio\u015filor sau \u00een litigii de proprietate \u015fi probleme morale \u00een care erau implica\u0163i preo\u0163ii.<br>\u00cen intervalul 1867-1882 \u00een fruntea protopopiatului s-a aflat protopopul George Tecariu (n\u0103scut \u00een anul 1815, hirotonit \u00een anul 1847). \u00cen perioada 1867-1882 George Tecariu era \u015fi asesor al scaunului episcopal. \u00centre anii 1890-1910 la conducerea protopopiatului s-a aflat protopopul Mihail F\u0103g\u0103r\u0103\u015fan (acesta \u00eendeplinea \u015fi func\u0163ia de preot la T\u0103ure; n\u0103scut la \u015eintereag \u00een anul 1834 absolvent de teologie la Blaj \u00een anul 1860, hirotonit \u015fi numit ca preot la T\u0103ure \u00een anul 1861, \u00eencetat din via\u0163\u0103 \u00een anul 1910). \u00cen intervalul 1890-1906 Mihail F\u0103g\u0103r\u0103\u015fan a fost \u015fi asesor al scaunului episcopal.<\/p>\n\n\n\n<p>\u00centre anii 1914-1917 la conducerea protopopiatului s-a aflat Ioan Bulbuc (n\u0103scut la Mocod \u00een anul 1847, absolvent al Seminarului Teologic de la Gherla \u015fi hirotonit \u00een anul 1875; numit ca \u015fi preot cooperator la Mintiu \u00een anul 1876 \u015fi ca preot la Mintiu \u00een 1891; \u00eencetat din via\u0163\u0103 la 16 noiembrie 1917), iar \u00een perioada 1925-1930 Ioan Botean (n\u0103scut la Beclean \u00een anul 1857, absolvent al Seminarului Teologic de la Budapesta \u00een anul 1885, hirotonit \u00een anul 1886 \u015fi numit \u00een anul 1887 ca \u015fi preot la Nu\u015feni; pe l\u00e2ng\u0103 func\u0163ia de protopop el era \u015fi preot la Nu\u015feni). \u00cen perioada 1930-1932 Ioan Botean era asesor al scaunului episcopal. \u00cen anul 1932 Protopopiatul greco-catolic Beclean \u00eel avea \u00een frunte pe \u015etefan Bu\u015fi\u0163\u0103 (n\u0103scut \u00een anul 1859 la Rug\u0103\u015fe\u015fti, absolvent al Seminarului Teologic de la Gherla \u015fi hirotonit \u00een anul 1884, numit \u00een anul 1885 ca preot la Zalha, \u00een anul 1895 administrator la Ciceu Mih\u0103ie\u015fti, preot la Beclean \u015fi protopop de Ciceu Cristur \u00een intervalul 1914-1930; \u00een 1932 era \u015fi preot la Beclean). \u00centre anii 1941-1947 Protopopiatul greco-catolic Beclean era condus de Toma Bulea, care era \u015fi preot la Beclean.<br>\u00cen anul 1867 secretarul protopopiatului era preotul din T\u0103ure, Mihail F\u0103g\u0103r\u0103\u015fan. \u00cen perioada 1876-1882 viceprotopop \u015fi secretar protopopesc era preotul din T\u0103ure, Mihail F\u0103g\u0103r\u0103\u015fan. \u00cen 1890 \u015fi 1894 postul de secretar protopopesc era vacant. \u00cen perioada 1898-1906 secretar protopopesc era preotul din Mintiu, Ioan Bulbuc, iar \u00een anul 1914 era preotul din Nu\u015feni, Ioan Botean. \u00cen anul 1932 postul de secretar era vacant.<br>Din punctul de vedere al ierarhiei biserice\u015fti protopopiatul se afla pe o treapt\u0103 superioar\u0103 parohiei. La r\u00e2ndul s\u0103u protopopiatul se subordona episcopiei, mitropoliei \u015fi papei de la Roma.<br>\u00cen anul 1842 Protopopiatul greco-catolic Beclean cuprindea 19 parohii, 2 filii (filiale), cu 19 preo\u0163i \u015fi 6576 credincio\u015fi. \u00cen anul 1867 \u00een protopopiat existau 2 biserici de piatr\u0103 \u015fi 19 biserici de lemn. \u00cen anul 1947 protopopiatul cuprindea 22 parohii \u015fi 11 filii, cu 28 biserici de zid \u015fi 3 de lemn, 21 preo\u0163i \u015fi 20116 credincio\u015fi greco-catolici. Protopopiatul greco-catolic Beclean a f\u0103cut parte din Episcopia greco-catolic\u0103 de F\u0103g\u0103ra\u015f (1782-1853) \u015fi Episcopia greco-catolic\u0103 de Gherla (1853-1948). Pe o treapt\u0103 superioar\u0103 se afla Mitropolia greco-catolic\u0103 de Alba-Iulia \u015fi F\u0103g\u0103ra\u015f \u015fi papa de la Roma. (preluat de pe siteul arhivelor na\u021bionale)<\/p>\n","protected":false},"excerpt":{"rendered":"<p>Denumirea oficial\u0103 a institu\u0163iei a fost Protopopiatul greco &#8211; catolic &#8211; Tractul Beclean &#8211; Nu\u015feni. Protopopiatul s-a \u00eenfiin\u0163at \u00een perioada 1782-1835. Actele normative care au reglementat activitatea Protopopiatului greco &#8211; catolic &#8211; Tractul Beclean &#8211; Nu\u015feni, au fost declara\u0163iile de unire cu biserica Romei din 21 martie \u015fi iunie 1697, 07.10.1698, 05.09.1700, ianuarie 1701, diplomele &#8230; <span class=\"more\"><a class=\"more-link\" href=\"https:\/\/www.protopopiatebn.ro\/index.php\/istoric-protopopiatul-beclean\/\">[Read more&#8230;]<\/a><\/span><\/p>\n","protected":false},"author":5,"featured_media":0,"parent":0,"menu_order":0,"comment_status":"closed","ping_status":"closed","template":"","meta":{"footnotes":""},"class_list":["entry","page","publish","author-cris","post-96"],"yoast_head":"<!-- This site is optimized with the Yoast SEO plugin v27.6 - https:\/\/yoast.com\/product\/yoast-seo-wordpress\/ -->\n<title>ISTORIC PROTOPOPIATUL BECLEAN - PROTOPOPIATELE GRECO-CATOLICE BECLEAN, BISTRI\u021aA \u0218I RODNA<\/title>\n<meta name=\"robots\" content=\"index, follow, max-snippet:-1, max-image-preview:large, max-video-preview:-1\" \/>\n<link rel=\"canonical\" href=\"https:\/\/www.protopopiatebn.ro\/index.php\/istoric-protopopiatul-beclean\/\" \/>\n<meta property=\"og:locale\" content=\"ro_RO\" \/>\n<meta property=\"og:type\" content=\"article\" \/>\n<meta property=\"og:title\" content=\"ISTORIC PROTOPOPIATUL BECLEAN - PROTOPOPIATELE GRECO-CATOLICE BECLEAN, BISTRI\u021aA \u0218I RODNA\" \/>\n<meta property=\"og:description\" content=\"Denumirea oficial\u0103 a institu\u0163iei a fost Protopopiatul greco &#8211; catolic &#8211; Tractul Beclean &#8211; Nu\u015feni. Protopopiatul s-a \u00eenfiin\u0163at \u00een perioada 1782-1835. Actele normative care au reglementat activitatea Protopopiatului greco &#8211; catolic &#8211; Tractul Beclean &#8211; Nu\u015feni, au fost declara\u0163iile de unire cu biserica Romei din 21 martie \u015fi iunie 1697, 07.10.1698, 05.09.1700, ianuarie 1701, diplomele ... [Read more...]\" \/>\n<meta property=\"og:url\" content=\"https:\/\/www.protopopiatebn.ro\/index.php\/istoric-protopopiatul-beclean\/\" \/>\n<meta property=\"og:site_name\" content=\"PROTOPOPIATELE GRECO-CATOLICE BECLEAN, BISTRI\u021aA \u0218I RODNA\" \/>\n<meta property=\"article:modified_time\" content=\"2025-02-27T14:33:16+00:00\" \/>\n<meta name=\"twitter:card\" content=\"summary_large_image\" \/>\n<meta name=\"twitter:label1\" content=\"Timp estimat pentru citire\" \/>\n\t<meta name=\"twitter:data1\" content=\"4 minute\" \/>\n<script type=\"application\/ld+json\" class=\"yoast-schema-graph\">{\"@context\":\"https:\\\/\\\/schema.org\",\"@graph\":[{\"@type\":\"WebPage\",\"@id\":\"https:\\\/\\\/www.protopopiatebn.ro\\\/index.php\\\/istoric-protopopiatul-beclean\\\/\",\"url\":\"https:\\\/\\\/www.protopopiatebn.ro\\\/index.php\\\/istoric-protopopiatul-beclean\\\/\",\"name\":\"ISTORIC PROTOPOPIATUL BECLEAN - PROTOPOPIATELE GRECO-CATOLICE BECLEAN, BISTRI\u021aA \u0218I RODNA\",\"isPartOf\":{\"@id\":\"https:\\\/\\\/www.protopopiatebn.ro\\\/#website\"},\"datePublished\":\"2023-02-02T16:21:08+00:00\",\"dateModified\":\"2025-02-27T14:33:16+00:00\",\"breadcrumb\":{\"@id\":\"https:\\\/\\\/www.protopopiatebn.ro\\\/index.php\\\/istoric-protopopiatul-beclean\\\/#breadcrumb\"},\"inLanguage\":\"ro-RO\",\"potentialAction\":[{\"@type\":\"ReadAction\",\"target\":[\"https:\\\/\\\/www.protopopiatebn.ro\\\/index.php\\\/istoric-protopopiatul-beclean\\\/\"]}]},{\"@type\":\"BreadcrumbList\",\"@id\":\"https:\\\/\\\/www.protopopiatebn.ro\\\/index.php\\\/istoric-protopopiatul-beclean\\\/#breadcrumb\",\"itemListElement\":[{\"@type\":\"ListItem\",\"position\":1,\"name\":\"Home\",\"item\":\"https:\\\/\\\/www.protopopiatebn.ro\\\/\"},{\"@type\":\"ListItem\",\"position\":2,\"name\":\"ISTORIC PROTOPOPIATUL BECLEAN\"}]},{\"@type\":\"WebSite\",\"@id\":\"https:\\\/\\\/www.protopopiatebn.ro\\\/#website\",\"url\":\"https:\\\/\\\/www.protopopiatebn.ro\\\/\",\"name\":\"PROTOPOPIATELE GRECO-CATOLICE BECLEAN, BISTRI\u021aA \u0218I RODNA\",\"description\":\"\",\"potentialAction\":[{\"@type\":\"SearchAction\",\"target\":{\"@type\":\"EntryPoint\",\"urlTemplate\":\"https:\\\/\\\/www.protopopiatebn.ro\\\/?s={search_term_string}\"},\"query-input\":{\"@type\":\"PropertyValueSpecification\",\"valueRequired\":true,\"valueName\":\"search_term_string\"}}],\"inLanguage\":\"ro-RO\"}]}<\/script>\n<!-- \/ Yoast SEO plugin. -->","yoast_head_json":{"title":"ISTORIC PROTOPOPIATUL BECLEAN - PROTOPOPIATELE GRECO-CATOLICE BECLEAN, BISTRI\u021aA \u0218I RODNA","robots":{"index":"index","follow":"follow","max-snippet":"max-snippet:-1","max-image-preview":"max-image-preview:large","max-video-preview":"max-video-preview:-1"},"canonical":"https:\/\/www.protopopiatebn.ro\/index.php\/istoric-protopopiatul-beclean\/","og_locale":"ro_RO","og_type":"article","og_title":"ISTORIC PROTOPOPIATUL BECLEAN - PROTOPOPIATELE GRECO-CATOLICE BECLEAN, BISTRI\u021aA \u0218I RODNA","og_description":"Denumirea oficial\u0103 a institu\u0163iei a fost Protopopiatul greco &#8211; catolic &#8211; Tractul Beclean &#8211; Nu\u015feni. Protopopiatul s-a \u00eenfiin\u0163at \u00een perioada 1782-1835. Actele normative care au reglementat activitatea Protopopiatului greco &#8211; catolic &#8211; Tractul Beclean &#8211; Nu\u015feni, au fost declara\u0163iile de unire cu biserica Romei din 21 martie \u015fi iunie 1697, 07.10.1698, 05.09.1700, ianuarie 1701, diplomele ... [Read more...]","og_url":"https:\/\/www.protopopiatebn.ro\/index.php\/istoric-protopopiatul-beclean\/","og_site_name":"PROTOPOPIATELE GRECO-CATOLICE BECLEAN, BISTRI\u021aA \u0218I RODNA","article_modified_time":"2025-02-27T14:33:16+00:00","twitter_card":"summary_large_image","twitter_misc":{"Timp estimat pentru citire":"4 minute"},"schema":{"@context":"https:\/\/schema.org","@graph":[{"@type":"WebPage","@id":"https:\/\/www.protopopiatebn.ro\/index.php\/istoric-protopopiatul-beclean\/","url":"https:\/\/www.protopopiatebn.ro\/index.php\/istoric-protopopiatul-beclean\/","name":"ISTORIC PROTOPOPIATUL BECLEAN - PROTOPOPIATELE GRECO-CATOLICE BECLEAN, BISTRI\u021aA \u0218I RODNA","isPartOf":{"@id":"https:\/\/www.protopopiatebn.ro\/#website"},"datePublished":"2023-02-02T16:21:08+00:00","dateModified":"2025-02-27T14:33:16+00:00","breadcrumb":{"@id":"https:\/\/www.protopopiatebn.ro\/index.php\/istoric-protopopiatul-beclean\/#breadcrumb"},"inLanguage":"ro-RO","potentialAction":[{"@type":"ReadAction","target":["https:\/\/www.protopopiatebn.ro\/index.php\/istoric-protopopiatul-beclean\/"]}]},{"@type":"BreadcrumbList","@id":"https:\/\/www.protopopiatebn.ro\/index.php\/istoric-protopopiatul-beclean\/#breadcrumb","itemListElement":[{"@type":"ListItem","position":1,"name":"Home","item":"https:\/\/www.protopopiatebn.ro\/"},{"@type":"ListItem","position":2,"name":"ISTORIC PROTOPOPIATUL BECLEAN"}]},{"@type":"WebSite","@id":"https:\/\/www.protopopiatebn.ro\/#website","url":"https:\/\/www.protopopiatebn.ro\/","name":"PROTOPOPIATELE GRECO-CATOLICE BECLEAN, BISTRI\u021aA \u0218I RODNA","description":"","potentialAction":[{"@type":"SearchAction","target":{"@type":"EntryPoint","urlTemplate":"https:\/\/www.protopopiatebn.ro\/?s={search_term_string}"},"query-input":{"@type":"PropertyValueSpecification","valueRequired":true,"valueName":"search_term_string"}}],"inLanguage":"ro-RO"}]}},"_links":{"self":[{"href":"https:\/\/www.protopopiatebn.ro\/index.php\/wp-json\/wp\/v2\/pages\/96","targetHints":{"allow":["GET"]}}],"collection":[{"href":"https:\/\/www.protopopiatebn.ro\/index.php\/wp-json\/wp\/v2\/pages"}],"about":[{"href":"https:\/\/www.protopopiatebn.ro\/index.php\/wp-json\/wp\/v2\/types\/page"}],"author":[{"embeddable":true,"href":"https:\/\/www.protopopiatebn.ro\/index.php\/wp-json\/wp\/v2\/users\/5"}],"replies":[{"embeddable":true,"href":"https:\/\/www.protopopiatebn.ro\/index.php\/wp-json\/wp\/v2\/comments?post=96"}],"version-history":[{"count":4,"href":"https:\/\/www.protopopiatebn.ro\/index.php\/wp-json\/wp\/v2\/pages\/96\/revisions"}],"predecessor-version":[{"id":124,"href":"https:\/\/www.protopopiatebn.ro\/index.php\/wp-json\/wp\/v2\/pages\/96\/revisions\/124"}],"wp:attachment":[{"href":"https:\/\/www.protopopiatebn.ro\/index.php\/wp-json\/wp\/v2\/media?parent=96"}],"curies":[{"name":"wp","href":"https:\/\/api.w.org\/{rel}","templated":true}]}}