{"id":86,"date":"2023-02-02T05:49:59","date_gmt":"2023-02-02T05:49:59","guid":{"rendered":"https:\/\/protopopiatebn.ro\/?page_id=86"},"modified":"2023-04-12T12:04:00","modified_gmt":"2023-04-12T12:04:00","slug":"protopopiat","status":"publish","type":"page","link":"https:\/\/www.protopopiatebn.ro\/index.php\/protopopiat\/","title":{"rendered":"PROTOPOPIAT"},"content":{"rendered":"\n<figure class=\"wp-block-image size-large\"><img loading=\"lazy\" decoding=\"async\" width=\"1024\" height=\"768\" src=\"https:\/\/protopopiatebn.ro\/wp-content\/uploads\/2023\/04\/IMG_20230409_125457-1024x768.jpg\" alt=\"\" class=\"wp-image-154\" srcset=\"https:\/\/www.protopopiatebn.ro\/wp-content\/uploads\/2023\/04\/IMG_20230409_125457-1024x768.jpg 1024w, https:\/\/www.protopopiatebn.ro\/wp-content\/uploads\/2023\/04\/IMG_20230409_125457-300x225.jpg 300w, https:\/\/www.protopopiatebn.ro\/wp-content\/uploads\/2023\/04\/IMG_20230409_125457-768x576.jpg 768w, https:\/\/www.protopopiatebn.ro\/wp-content\/uploads\/2023\/04\/IMG_20230409_125457-1536x1152.jpg 1536w, https:\/\/www.protopopiatebn.ro\/wp-content\/uploads\/2023\/04\/IMG_20230409_125457-2048x1536.jpg 2048w\" sizes=\"auto, (max-width: 1024px) 100vw, 1024px\" \/><\/figure>\n\n\n\n<p><\/p>\n\n\n\n<p>\u00cen conformitate cu prevederile Codului Canoanelor Bisericilor Orientale, Preasfin\u021bia Sa Claudiu, Episcopul Eparhiei de Cluj-Gherla, l-a numit \u00eencep\u00e2nd cu data de 1 septembrie 2022, pentru un mandat de trei ani, pe P\u0103rintele\u00a0Cristian Goia\u00a0\u00een func\u021bia de Protopop de Beclean, Bistri\u021ba \u0219i Rodna.<\/p>\n\n\n\n<p>P\u0103rintele Protopop Cristian Goia s-a n\u0103scut \u00een 26 ianuarie&nbsp;1975&nbsp;la&nbsp;T\u00e2rgu-Mure\u0219. Dup\u0103 absolvirea&nbsp;Liceului&nbsp;de Telecomunica\u021bii \u201eGeroge Bari\u021biu\u201d, a urmat cursurile&nbsp;Universit\u0103\u021bii&nbsp;Tehnice, sec\u021bia Comunica\u021bii. Studiaz\u0103 teologia la&nbsp;Institutul Teologic Universitar greco-catolic \u201eSf. Ioan Evanghelistul\u201d, ob\u021bin\u00e2nd \u00een 2001&nbsp;Licen\u021ba \u00een Teologie Dogmatic\u0103,&nbsp;cu&nbsp;lucrarea<em>Theotokos, Maternitatea divin\u0103 a Precuratei Fecioare Maria<\/em>, sus\u021binut\u0103 \u00een cadrul facult\u0103\u021bii de Teologie Greco-Catolic\u0103, Universitatea Babe\u0219-Bolyai. \u00cen 2003 ob\u021bine un&nbsp;Master la Facultatea de Teologie Greco-Catolic\u0103, din cadrul Universit\u0103\u021bii Babe\u0219-Bolyai, specializarea Arheologie cre\u0219tin\u0103. A urmat \u0219i alte cursuri de formare \u00een \u021bar\u0103 \u0219i str\u0103in\u0103tate.<\/p>\n\n\n\n<p>\u00cen perioada&nbsp;2001-2002&nbsp;a fost&nbsp;profesor colaborator de operare pe calculator la Facultatea de Teologie Greco-Catolic\u0103&nbsp;din Cluj-Napoca&nbsp;\u0219i&nbsp;operator procesare \u0219i prelucrare imagini microscopie electronic\u0103 la Centru de Microscopie Electronic\u0103 din cadrul Facult\u0103\u021bii de Biologie \u0219i Geologie, Cluj-Napoca.&nbsp;<\/p>\n\n\n\n<p>A fost hirotonit preot \u00een&nbsp;25 decembrie 2002, la Catedrala \u201eSchimbarea la Fa\u021b\u0103\u201d&nbsp;din Cluj-Napoca.<\/p>\n\n\n\n<p>Din&nbsp;2003&nbsp;\u00een&nbsp;2008&nbsp;a fost&nbsp;administrator parohial \u00een Parohia Greco-Catolic\u0103 \u201eSf. Petru \u0219i Pavel\u201d, P\u0103u\u0219a, jud. S\u0103laj. \u00centre&nbsp;2002&nbsp;\u0219i&nbsp;2005&nbsp;a fost&nbsp;profesor&nbsp;de&nbsp;Spiritualitate \u00een cadrul Liceului Teologic \u201eInocen\u021biu Micu Klein\u201d.&nbsp;&nbsp;Din&nbsp;2004&nbsp;\u00een&nbsp;2012&nbsp;a fost&nbsp;consilier eparhial cu pastora\u021bia tineretului, fiind \u0219i&nbsp;asistent Spiritual ASTRU&nbsp;\u0219i&nbsp;asistent Spiritual Cerceta\u0219ii Mun\u021bilor, filiala Cluj, p\u00e2n\u0103 \u00een 2010. Din&nbsp;2008&nbsp;p\u00e2n\u0103 \u00een&nbsp;prezent&nbsp;este&nbsp;administrator Parohial al Parohiei Rom\u00e2ne Unite cu Roma, Greco-Catolic\u0103 \u201eSf.Iosif\u201d, cart. Some\u0219eni, Cluj-Napoca.&nbsp;<\/p>\n\n\n\n<p>P\u0103rintele Cristian Goia a\u00a0coordonat construirea Bisericii parohiale \u201eSf. Petru \u0219i Pavel\u201d P\u0103u\u0219a\u00a0(jud. S\u0103laj) \u0219i\u00a0construirea Bisericii Parohiale greco-catolice \u201eSf. Iosif\u201d Some\u0219eni\u00a0(Cluj-Napoca).<\/p>\n","protected":false},"excerpt":{"rendered":"<p>\u00cen conformitate cu prevederile Codului Canoanelor Bisericilor Orientale, Preasfin\u021bia Sa Claudiu, Episcopul Eparhiei de Cluj-Gherla, l-a numit \u00eencep\u00e2nd cu data de 1 septembrie 2022, pentru un mandat de trei ani, pe P\u0103rintele\u00a0Cristian Goia\u00a0\u00een func\u021bia de Protopop de Beclean, Bistri\u021ba \u0219i Rodna. P\u0103rintele Protopop Cristian Goia s-a n\u0103scut \u00een 26 ianuarie&nbsp;1975&nbsp;la&nbsp;T\u00e2rgu-Mure\u0219. Dup\u0103 absolvirea&nbsp;Liceului&nbsp;de Telecomunica\u021bii \u201eGeroge Bari\u021biu\u201d, &#8230; <span class=\"more\"><a class=\"more-link\" href=\"https:\/\/www.protopopiatebn.ro\/index.php\/protopopiat\/\">[Read more&#8230;]<\/a><\/span><\/p>\n","protected":false},"author":3,"featured_media":0,"parent":0,"menu_order":0,"comment_status":"closed","ping_status":"closed","template":"","meta":{"footnotes":""},"class_list":["entry","page","publish","author-protos","post-86"],"yoast_head":"<!-- This site is optimized with the Yoast SEO plugin v27.4 - https:\/\/yoast.com\/product\/yoast-seo-wordpress\/ -->\n<title>PROTOPOPIAT - PROTOPOPIATELE GRECO-CATOLICE BECLEAN, BISTRI\u021aA \u0218I RODNA<\/title>\n<meta name=\"robots\" content=\"index, follow, max-snippet:-1, max-image-preview:large, max-video-preview:-1\" \/>\n<link rel=\"canonical\" href=\"https:\/\/www.protopopiatebn.ro\/index.php\/protopopiat\/\" \/>\n<meta property=\"og:locale\" content=\"ro_RO\" \/>\n<meta property=\"og:type\" content=\"article\" \/>\n<meta property=\"og:title\" content=\"PROTOPOPIAT - PROTOPOPIATELE GRECO-CATOLICE BECLEAN, BISTRI\u021aA \u0218I RODNA\" \/>\n<meta property=\"og:description\" content=\"\u00cen conformitate cu prevederile Codului Canoanelor Bisericilor Orientale, Preasfin\u021bia Sa Claudiu, Episcopul Eparhiei de Cluj-Gherla, l-a numit \u00eencep\u00e2nd cu data de 1 septembrie 2022, pentru un mandat de trei ani, pe P\u0103rintele\u00a0Cristian Goia\u00a0\u00een func\u021bia de Protopop de Beclean, Bistri\u021ba \u0219i Rodna. P\u0103rintele Protopop Cristian Goia s-a n\u0103scut \u00een 26 ianuarie&nbsp;1975&nbsp;la&nbsp;T\u00e2rgu-Mure\u0219. Dup\u0103 absolvirea&nbsp;Liceului&nbsp;de Telecomunica\u021bii \u201eGeroge Bari\u021biu\u201d, ... [Read more...]\" \/>\n<meta property=\"og:url\" content=\"https:\/\/www.protopopiatebn.ro\/index.php\/protopopiat\/\" \/>\n<meta property=\"og:site_name\" content=\"PROTOPOPIATELE GRECO-CATOLICE BECLEAN, BISTRI\u021aA \u0218I RODNA\" \/>\n<meta property=\"article:modified_time\" content=\"2023-04-12T12:04:00+00:00\" \/>\n<meta property=\"og:image\" content=\"https:\/\/protopopiatebn.ro\/wp-content\/uploads\/2023\/04\/IMG_20230409_125457-1024x768.jpg\" \/>\n<meta name=\"twitter:card\" content=\"summary_large_image\" \/>\n<meta name=\"twitter:label1\" content=\"Timp estimat pentru citire\" \/>\n\t<meta name=\"twitter:data1\" content=\"2 minute\" \/>\n<script type=\"application\/ld+json\" class=\"yoast-schema-graph\">{\"@context\":\"https:\\\/\\\/schema.org\",\"@graph\":[{\"@type\":\"WebPage\",\"@id\":\"https:\\\/\\\/www.protopopiatebn.ro\\\/index.php\\\/protopopiat\\\/\",\"url\":\"https:\\\/\\\/www.protopopiatebn.ro\\\/index.php\\\/protopopiat\\\/\",\"name\":\"PROTOPOPIAT - PROTOPOPIATELE GRECO-CATOLICE BECLEAN, BISTRI\u021aA \u0218I RODNA\",\"isPartOf\":{\"@id\":\"https:\\\/\\\/www.protopopiatebn.ro\\\/#website\"},\"primaryImageOfPage\":{\"@id\":\"https:\\\/\\\/www.protopopiatebn.ro\\\/index.php\\\/protopopiat\\\/#primaryimage\"},\"image\":{\"@id\":\"https:\\\/\\\/www.protopopiatebn.ro\\\/index.php\\\/protopopiat\\\/#primaryimage\"},\"thumbnailUrl\":\"https:\\\/\\\/protopopiatebn.ro\\\/wp-content\\\/uploads\\\/2023\\\/04\\\/IMG_20230409_125457-1024x768.jpg\",\"datePublished\":\"2023-02-02T05:49:59+00:00\",\"dateModified\":\"2023-04-12T12:04:00+00:00\",\"breadcrumb\":{\"@id\":\"https:\\\/\\\/www.protopopiatebn.ro\\\/index.php\\\/protopopiat\\\/#breadcrumb\"},\"inLanguage\":\"ro-RO\",\"potentialAction\":[{\"@type\":\"ReadAction\",\"target\":[\"https:\\\/\\\/www.protopopiatebn.ro\\\/index.php\\\/protopopiat\\\/\"]}]},{\"@type\":\"ImageObject\",\"inLanguage\":\"ro-RO\",\"@id\":\"https:\\\/\\\/www.protopopiatebn.ro\\\/index.php\\\/protopopiat\\\/#primaryimage\",\"url\":\"https:\\\/\\\/protopopiatebn.ro\\\/wp-content\\\/uploads\\\/2023\\\/04\\\/IMG_20230409_125457-1024x768.jpg\",\"contentUrl\":\"https:\\\/\\\/protopopiatebn.ro\\\/wp-content\\\/uploads\\\/2023\\\/04\\\/IMG_20230409_125457-1024x768.jpg\"},{\"@type\":\"BreadcrumbList\",\"@id\":\"https:\\\/\\\/www.protopopiatebn.ro\\\/index.php\\\/protopopiat\\\/#breadcrumb\",\"itemListElement\":[{\"@type\":\"ListItem\",\"position\":1,\"name\":\"Home\",\"item\":\"https:\\\/\\\/www.protopopiatebn.ro\\\/\"},{\"@type\":\"ListItem\",\"position\":2,\"name\":\"PROTOPOPIAT\"}]},{\"@type\":\"WebSite\",\"@id\":\"https:\\\/\\\/www.protopopiatebn.ro\\\/#website\",\"url\":\"https:\\\/\\\/www.protopopiatebn.ro\\\/\",\"name\":\"PROTOPOPIATELE GRECO-CATOLICE BECLEAN, BISTRI\u021aA \u0218I RODNA\",\"description\":\"\",\"potentialAction\":[{\"@type\":\"SearchAction\",\"target\":{\"@type\":\"EntryPoint\",\"urlTemplate\":\"https:\\\/\\\/www.protopopiatebn.ro\\\/?s={search_term_string}\"},\"query-input\":{\"@type\":\"PropertyValueSpecification\",\"valueRequired\":true,\"valueName\":\"search_term_string\"}}],\"inLanguage\":\"ro-RO\"}]}<\/script>\n<!-- \/ Yoast SEO plugin. -->","yoast_head_json":{"title":"PROTOPOPIAT - PROTOPOPIATELE GRECO-CATOLICE BECLEAN, BISTRI\u021aA \u0218I RODNA","robots":{"index":"index","follow":"follow","max-snippet":"max-snippet:-1","max-image-preview":"max-image-preview:large","max-video-preview":"max-video-preview:-1"},"canonical":"https:\/\/www.protopopiatebn.ro\/index.php\/protopopiat\/","og_locale":"ro_RO","og_type":"article","og_title":"PROTOPOPIAT - PROTOPOPIATELE GRECO-CATOLICE BECLEAN, BISTRI\u021aA \u0218I RODNA","og_description":"\u00cen conformitate cu prevederile Codului Canoanelor Bisericilor Orientale, Preasfin\u021bia Sa Claudiu, Episcopul Eparhiei de Cluj-Gherla, l-a numit \u00eencep\u00e2nd cu data de 1 septembrie 2022, pentru un mandat de trei ani, pe P\u0103rintele\u00a0Cristian Goia\u00a0\u00een func\u021bia de Protopop de Beclean, Bistri\u021ba \u0219i Rodna. P\u0103rintele Protopop Cristian Goia s-a n\u0103scut \u00een 26 ianuarie&nbsp;1975&nbsp;la&nbsp;T\u00e2rgu-Mure\u0219. Dup\u0103 absolvirea&nbsp;Liceului&nbsp;de Telecomunica\u021bii \u201eGeroge Bari\u021biu\u201d, ... [Read more...]","og_url":"https:\/\/www.protopopiatebn.ro\/index.php\/protopopiat\/","og_site_name":"PROTOPOPIATELE GRECO-CATOLICE BECLEAN, BISTRI\u021aA \u0218I RODNA","article_modified_time":"2023-04-12T12:04:00+00:00","og_image":[{"url":"https:\/\/protopopiatebn.ro\/wp-content\/uploads\/2023\/04\/IMG_20230409_125457-1024x768.jpg","type":"","width":"","height":""}],"twitter_card":"summary_large_image","twitter_misc":{"Timp estimat pentru citire":"2 minute"},"schema":{"@context":"https:\/\/schema.org","@graph":[{"@type":"WebPage","@id":"https:\/\/www.protopopiatebn.ro\/index.php\/protopopiat\/","url":"https:\/\/www.protopopiatebn.ro\/index.php\/protopopiat\/","name":"PROTOPOPIAT - PROTOPOPIATELE GRECO-CATOLICE BECLEAN, BISTRI\u021aA \u0218I RODNA","isPartOf":{"@id":"https:\/\/www.protopopiatebn.ro\/#website"},"primaryImageOfPage":{"@id":"https:\/\/www.protopopiatebn.ro\/index.php\/protopopiat\/#primaryimage"},"image":{"@id":"https:\/\/www.protopopiatebn.ro\/index.php\/protopopiat\/#primaryimage"},"thumbnailUrl":"https:\/\/protopopiatebn.ro\/wp-content\/uploads\/2023\/04\/IMG_20230409_125457-1024x768.jpg","datePublished":"2023-02-02T05:49:59+00:00","dateModified":"2023-04-12T12:04:00+00:00","breadcrumb":{"@id":"https:\/\/www.protopopiatebn.ro\/index.php\/protopopiat\/#breadcrumb"},"inLanguage":"ro-RO","potentialAction":[{"@type":"ReadAction","target":["https:\/\/www.protopopiatebn.ro\/index.php\/protopopiat\/"]}]},{"@type":"ImageObject","inLanguage":"ro-RO","@id":"https:\/\/www.protopopiatebn.ro\/index.php\/protopopiat\/#primaryimage","url":"https:\/\/protopopiatebn.ro\/wp-content\/uploads\/2023\/04\/IMG_20230409_125457-1024x768.jpg","contentUrl":"https:\/\/protopopiatebn.ro\/wp-content\/uploads\/2023\/04\/IMG_20230409_125457-1024x768.jpg"},{"@type":"BreadcrumbList","@id":"https:\/\/www.protopopiatebn.ro\/index.php\/protopopiat\/#breadcrumb","itemListElement":[{"@type":"ListItem","position":1,"name":"Home","item":"https:\/\/www.protopopiatebn.ro\/"},{"@type":"ListItem","position":2,"name":"PROTOPOPIAT"}]},{"@type":"WebSite","@id":"https:\/\/www.protopopiatebn.ro\/#website","url":"https:\/\/www.protopopiatebn.ro\/","name":"PROTOPOPIATELE GRECO-CATOLICE BECLEAN, BISTRI\u021aA \u0218I RODNA","description":"","potentialAction":[{"@type":"SearchAction","target":{"@type":"EntryPoint","urlTemplate":"https:\/\/www.protopopiatebn.ro\/?s={search_term_string}"},"query-input":{"@type":"PropertyValueSpecification","valueRequired":true,"valueName":"search_term_string"}}],"inLanguage":"ro-RO"}]}},"_links":{"self":[{"href":"https:\/\/www.protopopiatebn.ro\/index.php\/wp-json\/wp\/v2\/pages\/86","targetHints":{"allow":["GET"]}}],"collection":[{"href":"https:\/\/www.protopopiatebn.ro\/index.php\/wp-json\/wp\/v2\/pages"}],"about":[{"href":"https:\/\/www.protopopiatebn.ro\/index.php\/wp-json\/wp\/v2\/types\/page"}],"author":[{"embeddable":true,"href":"https:\/\/www.protopopiatebn.ro\/index.php\/wp-json\/wp\/v2\/users\/3"}],"replies":[{"embeddable":true,"href":"https:\/\/www.protopopiatebn.ro\/index.php\/wp-json\/wp\/v2\/comments?post=86"}],"version-history":[{"count":3,"href":"https:\/\/www.protopopiatebn.ro\/index.php\/wp-json\/wp\/v2\/pages\/86\/revisions"}],"predecessor-version":[{"id":157,"href":"https:\/\/www.protopopiatebn.ro\/index.php\/wp-json\/wp\/v2\/pages\/86\/revisions\/157"}],"wp:attachment":[{"href":"https:\/\/www.protopopiatebn.ro\/index.php\/wp-json\/wp\/v2\/media?parent=86"}],"curies":[{"name":"wp","href":"https:\/\/api.w.org\/{rel}","templated":true}]}}