{"id":451,"date":"2023-08-23T08:09:56","date_gmt":"2023-08-23T06:09:56","guid":{"rendered":"https:\/\/www.protopopiatebn.ro\/?page_id=451"},"modified":"2023-08-23T08:23:31","modified_gmt":"2023-08-23T06:23:31","slug":"parohia-greco-catolica-sangeorz-bai","status":"publish","type":"page","link":"https:\/\/www.protopopiatebn.ro\/index.php\/parohia-greco-catolica-sangeorz-bai\/","title":{"rendered":"Parohia Greco-Catolic\u0103 S\u00e2ngeorz-B\u0103i"},"content":{"rendered":"<h2 style=\"text-align: center;\">Scurt istoric<\/h2>\n<p><img loading=\"lazy\" decoding=\"async\" class=\"alignnone wp-image-452 aligncenter\" src=\"https:\/\/www.protopopiatebn.ro\/wp-content\/uploads\/2023\/08\/Biserica-greco-catolica-Sangeorz-Bai-BN-667x1024.jpg\" alt=\"Biserica Greco-Catolic\u0103 \u201dSf. Gheorghe\u201d S\u00e2ngeroz-B\u0103i\" width=\"489\" height=\"751\" srcset=\"https:\/\/www.protopopiatebn.ro\/wp-content\/uploads\/2023\/08\/Biserica-greco-catolica-Sangeorz-Bai-BN-667x1024.jpg 667w, https:\/\/www.protopopiatebn.ro\/wp-content\/uploads\/2023\/08\/Biserica-greco-catolica-Sangeorz-Bai-BN-195x300.jpg 195w, https:\/\/www.protopopiatebn.ro\/wp-content\/uploads\/2023\/08\/Biserica-greco-catolica-Sangeorz-Bai-BN-768x1179.jpg 768w, https:\/\/www.protopopiatebn.ro\/wp-content\/uploads\/2023\/08\/Biserica-greco-catolica-Sangeorz-Bai-BN-1000x1536.jpg 1000w, https:\/\/www.protopopiatebn.ro\/wp-content\/uploads\/2023\/08\/Biserica-greco-catolica-Sangeorz-Bai-BN.jpg 1042w\" sizes=\"auto, (max-width: 489px) 100vw, 489px\" \/><\/p>\n<h2><span style=\"font-weight: 400;\">Un act istoric de mare \u00eensemn\u0103tate pentru rede\u0219teptarea na\u021bional\u0103 \u0219i social\u0103 a rom\u00e2nilor din Transilvania a fost revenirea la Biserica mam\u0103 a Romei a unui mare num\u0103r de credincio\u0219i, \u00een anul 1700, care p\u00e2n\u0103 atunci, \u00een \u00eentr-o perioad\u0103 de aproape 650 de ani ( de la marea schism\u0103 din 1054) au primit limba slavon\u0103 \u00een biseric\u0103 \u0219i s-au supus ecleziastic Bizan\u021bului.<\/span><\/h2>\n<h2><span style=\"font-weight: 400;\">\u00cen centrul satului \u00een jurul anului 1548 existau ni\u0219te ziduri p\u0103r\u0103site ale unei biserici care fusese devastat\u0103 de du\u0219mani. L\u00e2ng\u0103 aceste ziduri era o bisericu\u021b\u0103 de lemn unde se slujea Sf. Lturghie.<\/span><\/h2>\n<h2><span style=\"font-weight: 400;\">La \u00eenceputul secolului a XVIII-lea \u00een localitatea S\u00e2ngeorz erau 1276 de sufete ce alc\u0103tuiau 186 de familii cu 6 preo\u021bi f\u0103r\u0103 mult\u0103 \u0219tiin\u021b\u0103 de carte (cf Revista Some\u0219an\u0103).<\/span><\/h2>\n<h2><span style=\"font-weight: 400;\">Biserica Mare din centru localit\u0103\u021bii cu hramul \u201dSf. Nicolae\u201d s-a construit \u00eentr-o perioad\u0103 de 5 ani cu suma de 19.000 de florini de aur, iar sfin\u021birea ei a avut loc \u00een data de 14 septembrie 1880 sub p\u0103storirea preotului paroh greco-catolci Simion Tanco.<\/span><\/h2>\n<h2><span style=\"font-weight: 400;\">\u00cen anul 1948 prin decretul lege 358 din 1 decembrie, Biserica Greco-Catolic\u0103 a fost scoas\u0103 \u00een afara legii de c\u0103tre regimul comunist \u0219i cre\u0219tinii trecu\u0219i cu for\u021ba la cultul ortodox.<\/span><\/h2>\n<h2><span style=\"font-weight: 400;\">La 6 decembrie 1948, de s\u0103rb\u0103toarea hramului, preotul greco-catolic Buga Anton a amintit \u00een predic\u0103 cre\u0219tinilor \u201dvin vremuri grele pentru neamul rom\u00e2nesc\u201d \u0219i a cerut acestora s\u0103 nu-\u0219i lepede credin\u021ba.<\/span><\/h2>\n<h2><span style=\"font-weight: 400;\">Dup\u0103 revolu\u021bia din 1989 o parte din cre\u0219tini au revenit la Biserica Greco-Catolic\u0103 \u0219i s-a reconstitut Parohia Greco-Catolic\u0103 din S\u00e2ngeorz-B\u0103i . La \u00eenceput slujbele se celebrau \u00een case particularea, apoi \u00eentr-o sal\u0103 de clas\u0103 la \u201d\u0218coala veche\u201d prin bun\u0103voin\u021ba directorului Ciociu Traian. S-au \u00eenceput lucr\u0103rile la o nou\u0103 biseric\u0103 cu hramul \u201dSf. Gheorghe\u201d la 1 mai 1995, sub p\u0103storirea venerabilului preot Ioan Vran\u0103u. Sfin\u021birea bisericii a avut loc duminic\u0103, 23 august 1998, sub p\u0103storirea preotului paroh Nicolae Jarda, de c\u0103tre Arhiepiscopul George Gu\u021biu \u0219i Episcopul Florentin Crih\u0103lmeanu.<\/span><\/h2>\n<h3><a href=\"https:\/\/photos.app.goo.gl\/2rX4cNo8NN6bn4cK9\">ALBUM FOTO BISERICA GRECO-CATOLIC\u0102 \u201dS\u00c2NGEORZ-B\u0102I\u201d<\/a><\/h3>\n","protected":false},"excerpt":{"rendered":"<p>Scurt istoric Un act istoric de mare \u00eensemn\u0103tate pentru rede\u0219teptarea na\u021bional\u0103 \u0219i social\u0103 a rom\u00e2nilor din Transilvania a fost revenirea la Biserica mam\u0103 a Romei a unui mare num\u0103r de credincio\u0219i, \u00een anul 1700, care p\u00e2n\u0103 atunci, \u00een \u00eentr-o perioad\u0103 de aproape 650 de ani ( de la marea schism\u0103 din 1054) au primit limba &#8230; <span class=\"more\"><a class=\"more-link\" href=\"https:\/\/www.protopopiatebn.ro\/index.php\/parohia-greco-catolica-sangeorz-bai\/\">[Read more&#8230;]<\/a><\/span><\/p>\n","protected":false},"author":3,"featured_media":0,"parent":0,"menu_order":0,"comment_status":"closed","ping_status":"closed","template":"","meta":{"footnotes":""},"class_list":["entry","page","publish","author-protos","post-451"],"yoast_head":"<!-- This site is optimized with the Yoast SEO plugin v27.4 - https:\/\/yoast.com\/product\/yoast-seo-wordpress\/ -->\n<title>Parohia Greco-Catolic\u0103 S\u00e2ngeorz-B\u0103i - PROTOPOPIATELE GRECO-CATOLICE BECLEAN, BISTRI\u021aA \u0218I RODNA<\/title>\n<meta name=\"robots\" content=\"index, follow, max-snippet:-1, max-image-preview:large, max-video-preview:-1\" \/>\n<link rel=\"canonical\" href=\"https:\/\/www.protopopiatebn.ro\/index.php\/parohia-greco-catolica-sangeorz-bai\/\" \/>\n<meta property=\"og:locale\" content=\"ro_RO\" \/>\n<meta property=\"og:type\" content=\"article\" \/>\n<meta property=\"og:title\" content=\"Parohia Greco-Catolic\u0103 S\u00e2ngeorz-B\u0103i - PROTOPOPIATELE GRECO-CATOLICE BECLEAN, BISTRI\u021aA \u0218I RODNA\" \/>\n<meta property=\"og:description\" content=\"Scurt istoric Un act istoric de mare \u00eensemn\u0103tate pentru rede\u0219teptarea na\u021bional\u0103 \u0219i social\u0103 a rom\u00e2nilor din Transilvania a fost revenirea la Biserica mam\u0103 a Romei a unui mare num\u0103r de credincio\u0219i, \u00een anul 1700, care p\u00e2n\u0103 atunci, \u00een \u00eentr-o perioad\u0103 de aproape 650 de ani ( de la marea schism\u0103 din 1054) au primit limba ... [Read more...]\" \/>\n<meta property=\"og:url\" content=\"https:\/\/www.protopopiatebn.ro\/index.php\/parohia-greco-catolica-sangeorz-bai\/\" \/>\n<meta property=\"og:site_name\" content=\"PROTOPOPIATELE GRECO-CATOLICE BECLEAN, BISTRI\u021aA \u0218I RODNA\" \/>\n<meta property=\"article:modified_time\" content=\"2023-08-23T06:23:31+00:00\" \/>\n<meta property=\"og:image\" content=\"https:\/\/www.protopopiatebn.ro\/wp-content\/uploads\/2023\/08\/Biserica-greco-catolica-Sangeorz-Bai-BN-667x1024.jpg\" \/>\n<meta name=\"twitter:card\" content=\"summary_large_image\" \/>\n<meta name=\"twitter:label1\" content=\"Timp estimat pentru citire\" \/>\n\t<meta name=\"twitter:data1\" content=\"2 minute\" \/>\n<script type=\"application\/ld+json\" class=\"yoast-schema-graph\">{\"@context\":\"https:\\\/\\\/schema.org\",\"@graph\":[{\"@type\":\"WebPage\",\"@id\":\"https:\\\/\\\/www.protopopiatebn.ro\\\/index.php\\\/parohia-greco-catolica-sangeorz-bai\\\/\",\"url\":\"https:\\\/\\\/www.protopopiatebn.ro\\\/index.php\\\/parohia-greco-catolica-sangeorz-bai\\\/\",\"name\":\"Parohia Greco-Catolic\u0103 S\u00e2ngeorz-B\u0103i - PROTOPOPIATELE GRECO-CATOLICE BECLEAN, BISTRI\u021aA \u0218I RODNA\",\"isPartOf\":{\"@id\":\"https:\\\/\\\/www.protopopiatebn.ro\\\/#website\"},\"primaryImageOfPage\":{\"@id\":\"https:\\\/\\\/www.protopopiatebn.ro\\\/index.php\\\/parohia-greco-catolica-sangeorz-bai\\\/#primaryimage\"},\"image\":{\"@id\":\"https:\\\/\\\/www.protopopiatebn.ro\\\/index.php\\\/parohia-greco-catolica-sangeorz-bai\\\/#primaryimage\"},\"thumbnailUrl\":\"https:\\\/\\\/www.protopopiatebn.ro\\\/wp-content\\\/uploads\\\/2023\\\/08\\\/Biserica-greco-catolica-Sangeorz-Bai-BN-667x1024.jpg\",\"datePublished\":\"2023-08-23T06:09:56+00:00\",\"dateModified\":\"2023-08-23T06:23:31+00:00\",\"breadcrumb\":{\"@id\":\"https:\\\/\\\/www.protopopiatebn.ro\\\/index.php\\\/parohia-greco-catolica-sangeorz-bai\\\/#breadcrumb\"},\"inLanguage\":\"ro-RO\",\"potentialAction\":[{\"@type\":\"ReadAction\",\"target\":[\"https:\\\/\\\/www.protopopiatebn.ro\\\/index.php\\\/parohia-greco-catolica-sangeorz-bai\\\/\"]}]},{\"@type\":\"ImageObject\",\"inLanguage\":\"ro-RO\",\"@id\":\"https:\\\/\\\/www.protopopiatebn.ro\\\/index.php\\\/parohia-greco-catolica-sangeorz-bai\\\/#primaryimage\",\"url\":\"https:\\\/\\\/www.protopopiatebn.ro\\\/wp-content\\\/uploads\\\/2023\\\/08\\\/Biserica-greco-catolica-Sangeorz-Bai-BN.jpg\",\"contentUrl\":\"https:\\\/\\\/www.protopopiatebn.ro\\\/wp-content\\\/uploads\\\/2023\\\/08\\\/Biserica-greco-catolica-Sangeorz-Bai-BN.jpg\",\"width\":1042,\"height\":1600,\"caption\":\"Biserica Greco-Catolic\u0103 \u201dSf. Gheorghe\u201d S\u00e2ngeroz-B\u0103i\"},{\"@type\":\"BreadcrumbList\",\"@id\":\"https:\\\/\\\/www.protopopiatebn.ro\\\/index.php\\\/parohia-greco-catolica-sangeorz-bai\\\/#breadcrumb\",\"itemListElement\":[{\"@type\":\"ListItem\",\"position\":1,\"name\":\"Home\",\"item\":\"https:\\\/\\\/www.protopopiatebn.ro\\\/\"},{\"@type\":\"ListItem\",\"position\":2,\"name\":\"Parohia Greco-Catolic\u0103 S\u00e2ngeorz-B\u0103i\"}]},{\"@type\":\"WebSite\",\"@id\":\"https:\\\/\\\/www.protopopiatebn.ro\\\/#website\",\"url\":\"https:\\\/\\\/www.protopopiatebn.ro\\\/\",\"name\":\"PROTOPOPIATELE GRECO-CATOLICE BECLEAN, BISTRI\u021aA \u0218I RODNA\",\"description\":\"\",\"potentialAction\":[{\"@type\":\"SearchAction\",\"target\":{\"@type\":\"EntryPoint\",\"urlTemplate\":\"https:\\\/\\\/www.protopopiatebn.ro\\\/?s={search_term_string}\"},\"query-input\":{\"@type\":\"PropertyValueSpecification\",\"valueRequired\":true,\"valueName\":\"search_term_string\"}}],\"inLanguage\":\"ro-RO\"}]}<\/script>\n<!-- \/ Yoast SEO plugin. -->","yoast_head_json":{"title":"Parohia Greco-Catolic\u0103 S\u00e2ngeorz-B\u0103i - PROTOPOPIATELE GRECO-CATOLICE BECLEAN, BISTRI\u021aA \u0218I RODNA","robots":{"index":"index","follow":"follow","max-snippet":"max-snippet:-1","max-image-preview":"max-image-preview:large","max-video-preview":"max-video-preview:-1"},"canonical":"https:\/\/www.protopopiatebn.ro\/index.php\/parohia-greco-catolica-sangeorz-bai\/","og_locale":"ro_RO","og_type":"article","og_title":"Parohia Greco-Catolic\u0103 S\u00e2ngeorz-B\u0103i - PROTOPOPIATELE GRECO-CATOLICE BECLEAN, BISTRI\u021aA \u0218I RODNA","og_description":"Scurt istoric Un act istoric de mare \u00eensemn\u0103tate pentru rede\u0219teptarea na\u021bional\u0103 \u0219i social\u0103 a rom\u00e2nilor din Transilvania a fost revenirea la Biserica mam\u0103 a Romei a unui mare num\u0103r de credincio\u0219i, \u00een anul 1700, care p\u00e2n\u0103 atunci, \u00een \u00eentr-o perioad\u0103 de aproape 650 de ani ( de la marea schism\u0103 din 1054) au primit limba ... [Read more...]","og_url":"https:\/\/www.protopopiatebn.ro\/index.php\/parohia-greco-catolica-sangeorz-bai\/","og_site_name":"PROTOPOPIATELE GRECO-CATOLICE BECLEAN, BISTRI\u021aA \u0218I RODNA","article_modified_time":"2023-08-23T06:23:31+00:00","og_image":[{"url":"https:\/\/www.protopopiatebn.ro\/wp-content\/uploads\/2023\/08\/Biserica-greco-catolica-Sangeorz-Bai-BN-667x1024.jpg","type":"","width":"","height":""}],"twitter_card":"summary_large_image","twitter_misc":{"Timp estimat pentru citire":"2 minute"},"schema":{"@context":"https:\/\/schema.org","@graph":[{"@type":"WebPage","@id":"https:\/\/www.protopopiatebn.ro\/index.php\/parohia-greco-catolica-sangeorz-bai\/","url":"https:\/\/www.protopopiatebn.ro\/index.php\/parohia-greco-catolica-sangeorz-bai\/","name":"Parohia Greco-Catolic\u0103 S\u00e2ngeorz-B\u0103i - PROTOPOPIATELE GRECO-CATOLICE BECLEAN, BISTRI\u021aA \u0218I RODNA","isPartOf":{"@id":"https:\/\/www.protopopiatebn.ro\/#website"},"primaryImageOfPage":{"@id":"https:\/\/www.protopopiatebn.ro\/index.php\/parohia-greco-catolica-sangeorz-bai\/#primaryimage"},"image":{"@id":"https:\/\/www.protopopiatebn.ro\/index.php\/parohia-greco-catolica-sangeorz-bai\/#primaryimage"},"thumbnailUrl":"https:\/\/www.protopopiatebn.ro\/wp-content\/uploads\/2023\/08\/Biserica-greco-catolica-Sangeorz-Bai-BN-667x1024.jpg","datePublished":"2023-08-23T06:09:56+00:00","dateModified":"2023-08-23T06:23:31+00:00","breadcrumb":{"@id":"https:\/\/www.protopopiatebn.ro\/index.php\/parohia-greco-catolica-sangeorz-bai\/#breadcrumb"},"inLanguage":"ro-RO","potentialAction":[{"@type":"ReadAction","target":["https:\/\/www.protopopiatebn.ro\/index.php\/parohia-greco-catolica-sangeorz-bai\/"]}]},{"@type":"ImageObject","inLanguage":"ro-RO","@id":"https:\/\/www.protopopiatebn.ro\/index.php\/parohia-greco-catolica-sangeorz-bai\/#primaryimage","url":"https:\/\/www.protopopiatebn.ro\/wp-content\/uploads\/2023\/08\/Biserica-greco-catolica-Sangeorz-Bai-BN.jpg","contentUrl":"https:\/\/www.protopopiatebn.ro\/wp-content\/uploads\/2023\/08\/Biserica-greco-catolica-Sangeorz-Bai-BN.jpg","width":1042,"height":1600,"caption":"Biserica Greco-Catolic\u0103 \u201dSf. Gheorghe\u201d S\u00e2ngeroz-B\u0103i"},{"@type":"BreadcrumbList","@id":"https:\/\/www.protopopiatebn.ro\/index.php\/parohia-greco-catolica-sangeorz-bai\/#breadcrumb","itemListElement":[{"@type":"ListItem","position":1,"name":"Home","item":"https:\/\/www.protopopiatebn.ro\/"},{"@type":"ListItem","position":2,"name":"Parohia Greco-Catolic\u0103 S\u00e2ngeorz-B\u0103i"}]},{"@type":"WebSite","@id":"https:\/\/www.protopopiatebn.ro\/#website","url":"https:\/\/www.protopopiatebn.ro\/","name":"PROTOPOPIATELE GRECO-CATOLICE BECLEAN, BISTRI\u021aA \u0218I RODNA","description":"","potentialAction":[{"@type":"SearchAction","target":{"@type":"EntryPoint","urlTemplate":"https:\/\/www.protopopiatebn.ro\/?s={search_term_string}"},"query-input":{"@type":"PropertyValueSpecification","valueRequired":true,"valueName":"search_term_string"}}],"inLanguage":"ro-RO"}]}},"_links":{"self":[{"href":"https:\/\/www.protopopiatebn.ro\/index.php\/wp-json\/wp\/v2\/pages\/451","targetHints":{"allow":["GET"]}}],"collection":[{"href":"https:\/\/www.protopopiatebn.ro\/index.php\/wp-json\/wp\/v2\/pages"}],"about":[{"href":"https:\/\/www.protopopiatebn.ro\/index.php\/wp-json\/wp\/v2\/types\/page"}],"author":[{"embeddable":true,"href":"https:\/\/www.protopopiatebn.ro\/index.php\/wp-json\/wp\/v2\/users\/3"}],"replies":[{"embeddable":true,"href":"https:\/\/www.protopopiatebn.ro\/index.php\/wp-json\/wp\/v2\/comments?post=451"}],"version-history":[{"count":4,"href":"https:\/\/www.protopopiatebn.ro\/index.php\/wp-json\/wp\/v2\/pages\/451\/revisions"}],"predecessor-version":[{"id":457,"href":"https:\/\/www.protopopiatebn.ro\/index.php\/wp-json\/wp\/v2\/pages\/451\/revisions\/457"}],"wp:attachment":[{"href":"https:\/\/www.protopopiatebn.ro\/index.php\/wp-json\/wp\/v2\/media?parent=451"}],"curies":[{"name":"wp","href":"https:\/\/api.w.org\/{rel}","templated":true}]}}