{"id":423,"date":"2023-08-14T13:02:55","date_gmt":"2023-08-14T11:02:55","guid":{"rendered":"https:\/\/www.protopopiatebn.ro\/?page_id=423"},"modified":"2023-10-21T14:08:19","modified_gmt":"2023-10-21T12:08:19","slug":"parohia-greco-catolica-feldru-valea-secerului","status":"publish","type":"page","link":"https:\/\/www.protopopiatebn.ro\/index.php\/parohia-greco-catolica-feldru-valea-secerului\/","title":{"rendered":"Parohia Greco-Catolic\u0103 Feldru Valea Secerului"},"content":{"rendered":"<h3 style=\"text-align: center;\"><span style=\"font-weight: 400;\">\ud835\udde6\ud835\uddf0\ud835\ude02\ud835\uddff\ud835\ude01 \ud835\uddf6\ud835\ude00\ud835\ude01\ud835\uddfc\ud835\uddff\ud835\uddf6\ud835\uddf0 \ud835\uddee\ud835\uddf9 \ud835\udde3\ud835\uddee\ud835\uddff\ud835\uddfc\ud835\uddf5\ud835\uddf6\ud835\uddf2\ud835\uddf6 \ud835\uddd9\ud835\uddf2\ud835\uddf9\ud835\uddf1\ud835\uddff\ud835\ude02 (\ud835\udde9\ud835\uddee\ud835\uddf9\ud835\uddf2\ud835\uddee \ud835\udde6\ud835\uddf2\ud835\uddf0\ud835\uddf2\ud835\uddff\ud835\ude02\ud835\uddf9\ud835\ude02\ud835\uddf6)<\/span><\/h3>\n<p><img loading=\"lazy\" decoding=\"async\" class=\"size-full wp-image-426 aligncenter\" src=\"https:\/\/www.protopopiatebn.ro\/wp-content\/uploads\/2023\/08\/WhatsApp-Image-2023-07-25-at-10.54.40-5.jpeg\" alt=\"\" width=\"1024\" height=\"770\" srcset=\"https:\/\/www.protopopiatebn.ro\/wp-content\/uploads\/2023\/08\/WhatsApp-Image-2023-07-25-at-10.54.40-5.jpeg 1024w, https:\/\/www.protopopiatebn.ro\/wp-content\/uploads\/2023\/08\/WhatsApp-Image-2023-07-25-at-10.54.40-5-300x226.jpeg 300w, https:\/\/www.protopopiatebn.ro\/wp-content\/uploads\/2023\/08\/WhatsApp-Image-2023-07-25-at-10.54.40-5-768x578.jpeg 768w\" sizes=\"auto, (max-width: 1024px) 100vw, 1024px\" \/><\/p>\n<h3><span style=\"font-weight: 400;\">Conform \u0218ematismului din 1947, la Feldru a existat o parohie veche, \u201etrecut\u0103 la Sf\u00e2nta Unire \u00een 1700\u201d. \u00cen 1783 a fost edificat\u0103 aici o biseric\u0103 greco-catolic\u0103. Aceast\u0103 biseric\u0103 (\u00een prezent declarat\u0103 monument istoric), considerat\u0103 cea mai veche biseric\u0103 de zid rom\u00e2neasc\u0103 de pe valea Some\u015fului, din 1948 serve\u0219te ca biseric\u0103 parohial\u0103 a Parohiei ortodoxe (nu a fost retrocedat\u0103).<\/span><\/h3>\n<h3><span style=\"font-weight: 400;\">Dup\u0103 c\u0103derea regimului comunist \u0219i ie\u0219irea Bisericii Rom\u00e2ne Unite din ilegalitate, \u00een 1991, la Feldru au fost \u00eenfiin\u021bate dou\u0103 parohii: Parohia Feldru (Vatra Satului) \u0219i Parohia Feldru (Valea Secerului).<\/span><\/h3>\n<h3><span style=\"font-weight: 400;\">Din anul 2005, Parohia Feldru (Valea Secerului) se afl\u0103 \u00een grija actualului paroh, pr. Claudiu Oltean. \u00cen Parohia Feldru (Valea Secerului), \u00eentr-o perioad\u0103 scurt\u0103 de timp a fost ridicat\u0103 o biseric\u0103 (cea dint\u00e2i construit\u0103 pe teritoriul Eparhiei de Cluj-Gherla dup\u0103 1990). Ctitori au fost pr. Liviu O\u021boiu \u0219i pr. Eugen S\u00e2rbu (\u201eT\u0103icu\u021bu\u201d), preo\u021bi din genera\u021bia catacombelor care \u0219i-au practicat credin\u021ba sub regimul comunist &#8211; al\u0103turi de ei, \u00een aceast\u0103 zon\u0103 un rol important a avut \u0219i pr. Virgil Florian, preot care, \u00een anii de dup\u0103 1978 celebra Sf\u00e2nta Liturghie, Botezuri, Cununii \u0219.a., pe ascuns, \u00een casa familiei care a donat locul pentru construirea noii biserici din Valea Secerului.<\/span><\/h3>\n<h3><\/h3>\n<h3><span style=\"font-weight: 400;\">Biserica a fost sfin\u021bit\u0103, la 5 septembrie 1993, de c\u0103tre Arhiepiscopul ad personam George Gu\u021biu, m\u0103rturisitor al credin\u021bei, atunci P\u0103stor al Eparhiei de Cluj-Gherla. \u00cen anul 2009, sf\u00e2ntul l\u0103ca\u0219 a fost renovat \u00een interior. La 21 iunie 2009, Episcopul de Cluj-Gherla de atunci, Preasfin\u021bia Sa Florentin Crih\u0103lmeanu, a sfin\u021bit Altarul, Iconostasul \u0219i interiorul bisericii. Mai apoi biserica a fost renovat\u0103 \u0219i \u00een exterior, dar, la 4 martie 2017 a fost afectat\u0103 de un incendiu.<\/span><\/h3>\n<h3><span style=\"font-weight: 400;\">La 20 mai 2017, Parohia Feldru (Valea Secerului) a g\u0103zduit \u00cent\u00e2lnirea Eparhial\u0103 a Copiilor, la care au luat parte \u00een jur de 600 de copii de pe \u00eentreg teritoriul eparhiei.<\/span><\/h3>\n<h3><span style=\"font-weight: 400;\">\u00cen urm\u0103toarele luni, prin efortul comunit\u0103\u021bii parohiale \u0219i a unor binef\u0103c\u0103tori, s-au efectuat lucr\u0103ri de repara\u021bii \u0219i renovare, astfel \u00eenc\u00e2t, la 13 august 2017, Preasfin\u021bia Sa Florentin binecuv\u00e2nta biserica re\u00eennoit\u0103. Ultima vizit\u0103 a Preasfin\u021biei Sale Florentin \u00een Parohia Feldru-Valea Secerului a fost \u00een 12 august 2018, cu ocazia serb\u0103rii de hram.<\/span><\/h3>\n<h3><span style=\"font-weight: 400;\">Dup\u0103 perioada de pandemie, la 28 mai 2022, s-a desf\u0103\u0219urat \u00een Parohia Feldru (Valea Secerului) o nou\u0103 edi\u021bie a \u00cent\u00e2lnirii Eparhiale a Copiilor. \u00cen jur de 1000 de copii l-au avut acum \u00een mijlocul lor pe Preasfin\u021bia Sa Claudiu, \u00een cel de-al doilea an de episcopat ca P\u0103stor al Eparhiei de Cluj-Gherla.<\/span><\/h3>\n<h3><\/h3>\n<h2><a href=\"https:\/\/photos.app.goo.gl\/Rh73T2Z7pFn9SH476\">ALBUM FOTO BISERICA \u201dADORMIREA MAICII DOMNULUI\u201d<\/a><\/h2>\n","protected":false},"excerpt":{"rendered":"<p>\ud835\udde6\ud835\uddf0\ud835\ude02\ud835\uddff\ud835\ude01 \ud835\uddf6\ud835\ude00\ud835\ude01\ud835\uddfc\ud835\uddff\ud835\uddf6\ud835\uddf0 \ud835\uddee\ud835\uddf9 \ud835\udde3\ud835\uddee\ud835\uddff\ud835\uddfc\ud835\uddf5\ud835\uddf6\ud835\uddf2\ud835\uddf6 \ud835\uddd9\ud835\uddf2\ud835\uddf9\ud835\uddf1\ud835\uddff\ud835\ude02 (\ud835\udde9\ud835\uddee\ud835\uddf9\ud835\uddf2\ud835\uddee \ud835\udde6\ud835\uddf2\ud835\uddf0\ud835\uddf2\ud835\uddff\ud835\ude02\ud835\uddf9\ud835\ude02\ud835\uddf6) Conform \u0218ematismului din 1947, la Feldru a existat o parohie veche, \u201etrecut\u0103 la Sf\u00e2nta Unire \u00een 1700\u201d. \u00cen 1783 a fost edificat\u0103 aici o biseric\u0103 greco-catolic\u0103. Aceast\u0103 biseric\u0103 (\u00een prezent declarat\u0103 monument istoric), considerat\u0103 cea mai veche biseric\u0103 de zid rom\u00e2neasc\u0103 de pe valea Some\u015fului, din 1948 serve\u0219te &#8230; <span class=\"more\"><a class=\"more-link\" href=\"https:\/\/www.protopopiatebn.ro\/index.php\/parohia-greco-catolica-feldru-valea-secerului\/\">[Read more&#8230;]<\/a><\/span><\/p>\n","protected":false},"author":3,"featured_media":0,"parent":0,"menu_order":0,"comment_status":"closed","ping_status":"closed","template":"","meta":{"footnotes":""},"class_list":["entry","page","publish","author-protos","post-423"],"yoast_head":"<!-- This site is optimized with the Yoast SEO plugin v27.6 - https:\/\/yoast.com\/product\/yoast-seo-wordpress\/ -->\n<title>Parohia Greco-Catolic\u0103 Feldru Valea Secerului - PROTOPOPIATELE GRECO-CATOLICE BECLEAN, BISTRI\u021aA \u0218I RODNA<\/title>\n<meta name=\"robots\" content=\"index, follow, max-snippet:-1, max-image-preview:large, max-video-preview:-1\" \/>\n<link rel=\"canonical\" href=\"https:\/\/www.protopopiatebn.ro\/index.php\/parohia-greco-catolica-feldru-valea-secerului\/\" \/>\n<meta property=\"og:locale\" content=\"ro_RO\" \/>\n<meta property=\"og:type\" content=\"article\" \/>\n<meta property=\"og:title\" content=\"Parohia Greco-Catolic\u0103 Feldru Valea Secerului - PROTOPOPIATELE GRECO-CATOLICE BECLEAN, BISTRI\u021aA \u0218I RODNA\" \/>\n<meta property=\"og:description\" content=\"\ud835\udde6\ud835\uddf0\ud835\ude02\ud835\uddff\ud835\ude01 \ud835\uddf6\ud835\ude00\ud835\ude01\ud835\uddfc\ud835\uddff\ud835\uddf6\ud835\uddf0 \ud835\uddee\ud835\uddf9 \ud835\udde3\ud835\uddee\ud835\uddff\ud835\uddfc\ud835\uddf5\ud835\uddf6\ud835\uddf2\ud835\uddf6 \ud835\uddd9\ud835\uddf2\ud835\uddf9\ud835\uddf1\ud835\uddff\ud835\ude02 (\ud835\udde9\ud835\uddee\ud835\uddf9\ud835\uddf2\ud835\uddee \ud835\udde6\ud835\uddf2\ud835\uddf0\ud835\uddf2\ud835\uddff\ud835\ude02\ud835\uddf9\ud835\ude02\ud835\uddf6) Conform \u0218ematismului din 1947, la Feldru a existat o parohie veche, \u201etrecut\u0103 la Sf\u00e2nta Unire \u00een 1700\u201d. \u00cen 1783 a fost edificat\u0103 aici o biseric\u0103 greco-catolic\u0103. Aceast\u0103 biseric\u0103 (\u00een prezent declarat\u0103 monument istoric), considerat\u0103 cea mai veche biseric\u0103 de zid rom\u00e2neasc\u0103 de pe valea Some\u015fului, din 1948 serve\u0219te ... [Read more...]\" \/>\n<meta property=\"og:url\" content=\"https:\/\/www.protopopiatebn.ro\/index.php\/parohia-greco-catolica-feldru-valea-secerului\/\" \/>\n<meta property=\"og:site_name\" content=\"PROTOPOPIATELE GRECO-CATOLICE BECLEAN, BISTRI\u021aA \u0218I RODNA\" \/>\n<meta property=\"article:modified_time\" content=\"2023-10-21T12:08:19+00:00\" \/>\n<meta property=\"og:image\" content=\"https:\/\/www.protopopiatebn.ro\/wp-content\/uploads\/2023\/08\/WhatsApp-Image-2023-07-25-at-10.54.40-5.jpeg\" \/>\n<meta name=\"twitter:card\" content=\"summary_large_image\" \/>\n<meta name=\"twitter:label1\" content=\"Timp estimat pentru citire\" \/>\n\t<meta name=\"twitter:data1\" content=\"3 minute\" \/>\n<script type=\"application\/ld+json\" class=\"yoast-schema-graph\">{\"@context\":\"https:\\\/\\\/schema.org\",\"@graph\":[{\"@type\":\"WebPage\",\"@id\":\"https:\\\/\\\/www.protopopiatebn.ro\\\/index.php\\\/parohia-greco-catolica-feldru-valea-secerului\\\/\",\"url\":\"https:\\\/\\\/www.protopopiatebn.ro\\\/index.php\\\/parohia-greco-catolica-feldru-valea-secerului\\\/\",\"name\":\"Parohia Greco-Catolic\u0103 Feldru Valea Secerului - PROTOPOPIATELE GRECO-CATOLICE BECLEAN, BISTRI\u021aA \u0218I RODNA\",\"isPartOf\":{\"@id\":\"https:\\\/\\\/www.protopopiatebn.ro\\\/#website\"},\"primaryImageOfPage\":{\"@id\":\"https:\\\/\\\/www.protopopiatebn.ro\\\/index.php\\\/parohia-greco-catolica-feldru-valea-secerului\\\/#primaryimage\"},\"image\":{\"@id\":\"https:\\\/\\\/www.protopopiatebn.ro\\\/index.php\\\/parohia-greco-catolica-feldru-valea-secerului\\\/#primaryimage\"},\"thumbnailUrl\":\"https:\\\/\\\/www.protopopiatebn.ro\\\/wp-content\\\/uploads\\\/2023\\\/08\\\/WhatsApp-Image-2023-07-25-at-10.54.40-5.jpeg\",\"datePublished\":\"2023-08-14T11:02:55+00:00\",\"dateModified\":\"2023-10-21T12:08:19+00:00\",\"breadcrumb\":{\"@id\":\"https:\\\/\\\/www.protopopiatebn.ro\\\/index.php\\\/parohia-greco-catolica-feldru-valea-secerului\\\/#breadcrumb\"},\"inLanguage\":\"ro-RO\",\"potentialAction\":[{\"@type\":\"ReadAction\",\"target\":[\"https:\\\/\\\/www.protopopiatebn.ro\\\/index.php\\\/parohia-greco-catolica-feldru-valea-secerului\\\/\"]}]},{\"@type\":\"ImageObject\",\"inLanguage\":\"ro-RO\",\"@id\":\"https:\\\/\\\/www.protopopiatebn.ro\\\/index.php\\\/parohia-greco-catolica-feldru-valea-secerului\\\/#primaryimage\",\"url\":\"https:\\\/\\\/www.protopopiatebn.ro\\\/wp-content\\\/uploads\\\/2023\\\/08\\\/WhatsApp-Image-2023-07-25-at-10.54.40-5.jpeg\",\"contentUrl\":\"https:\\\/\\\/www.protopopiatebn.ro\\\/wp-content\\\/uploads\\\/2023\\\/08\\\/WhatsApp-Image-2023-07-25-at-10.54.40-5.jpeg\",\"width\":1024,\"height\":770},{\"@type\":\"BreadcrumbList\",\"@id\":\"https:\\\/\\\/www.protopopiatebn.ro\\\/index.php\\\/parohia-greco-catolica-feldru-valea-secerului\\\/#breadcrumb\",\"itemListElement\":[{\"@type\":\"ListItem\",\"position\":1,\"name\":\"Home\",\"item\":\"https:\\\/\\\/www.protopopiatebn.ro\\\/\"},{\"@type\":\"ListItem\",\"position\":2,\"name\":\"Parohia Greco-Catolic\u0103 Feldru Valea Secerului\"}]},{\"@type\":\"WebSite\",\"@id\":\"https:\\\/\\\/www.protopopiatebn.ro\\\/#website\",\"url\":\"https:\\\/\\\/www.protopopiatebn.ro\\\/\",\"name\":\"PROTOPOPIATELE GRECO-CATOLICE BECLEAN, BISTRI\u021aA \u0218I RODNA\",\"description\":\"\",\"potentialAction\":[{\"@type\":\"SearchAction\",\"target\":{\"@type\":\"EntryPoint\",\"urlTemplate\":\"https:\\\/\\\/www.protopopiatebn.ro\\\/?s={search_term_string}\"},\"query-input\":{\"@type\":\"PropertyValueSpecification\",\"valueRequired\":true,\"valueName\":\"search_term_string\"}}],\"inLanguage\":\"ro-RO\"}]}<\/script>\n<!-- \/ Yoast SEO plugin. -->","yoast_head_json":{"title":"Parohia Greco-Catolic\u0103 Feldru Valea Secerului - PROTOPOPIATELE GRECO-CATOLICE BECLEAN, BISTRI\u021aA \u0218I RODNA","robots":{"index":"index","follow":"follow","max-snippet":"max-snippet:-1","max-image-preview":"max-image-preview:large","max-video-preview":"max-video-preview:-1"},"canonical":"https:\/\/www.protopopiatebn.ro\/index.php\/parohia-greco-catolica-feldru-valea-secerului\/","og_locale":"ro_RO","og_type":"article","og_title":"Parohia Greco-Catolic\u0103 Feldru Valea Secerului - PROTOPOPIATELE GRECO-CATOLICE BECLEAN, BISTRI\u021aA \u0218I RODNA","og_description":"\ud835\udde6\ud835\uddf0\ud835\ude02\ud835\uddff\ud835\ude01 \ud835\uddf6\ud835\ude00\ud835\ude01\ud835\uddfc\ud835\uddff\ud835\uddf6\ud835\uddf0 \ud835\uddee\ud835\uddf9 \ud835\udde3\ud835\uddee\ud835\uddff\ud835\uddfc\ud835\uddf5\ud835\uddf6\ud835\uddf2\ud835\uddf6 \ud835\uddd9\ud835\uddf2\ud835\uddf9\ud835\uddf1\ud835\uddff\ud835\ude02 (\ud835\udde9\ud835\uddee\ud835\uddf9\ud835\uddf2\ud835\uddee \ud835\udde6\ud835\uddf2\ud835\uddf0\ud835\uddf2\ud835\uddff\ud835\ude02\ud835\uddf9\ud835\ude02\ud835\uddf6) Conform \u0218ematismului din 1947, la Feldru a existat o parohie veche, \u201etrecut\u0103 la Sf\u00e2nta Unire \u00een 1700\u201d. \u00cen 1783 a fost edificat\u0103 aici o biseric\u0103 greco-catolic\u0103. Aceast\u0103 biseric\u0103 (\u00een prezent declarat\u0103 monument istoric), considerat\u0103 cea mai veche biseric\u0103 de zid rom\u00e2neasc\u0103 de pe valea Some\u015fului, din 1948 serve\u0219te ... [Read more...]","og_url":"https:\/\/www.protopopiatebn.ro\/index.php\/parohia-greco-catolica-feldru-valea-secerului\/","og_site_name":"PROTOPOPIATELE GRECO-CATOLICE BECLEAN, BISTRI\u021aA \u0218I RODNA","article_modified_time":"2023-10-21T12:08:19+00:00","og_image":[{"url":"https:\/\/www.protopopiatebn.ro\/wp-content\/uploads\/2023\/08\/WhatsApp-Image-2023-07-25-at-10.54.40-5.jpeg","type":"","width":"","height":""}],"twitter_card":"summary_large_image","twitter_misc":{"Timp estimat pentru citire":"3 minute"},"schema":{"@context":"https:\/\/schema.org","@graph":[{"@type":"WebPage","@id":"https:\/\/www.protopopiatebn.ro\/index.php\/parohia-greco-catolica-feldru-valea-secerului\/","url":"https:\/\/www.protopopiatebn.ro\/index.php\/parohia-greco-catolica-feldru-valea-secerului\/","name":"Parohia Greco-Catolic\u0103 Feldru Valea Secerului - PROTOPOPIATELE GRECO-CATOLICE BECLEAN, BISTRI\u021aA \u0218I RODNA","isPartOf":{"@id":"https:\/\/www.protopopiatebn.ro\/#website"},"primaryImageOfPage":{"@id":"https:\/\/www.protopopiatebn.ro\/index.php\/parohia-greco-catolica-feldru-valea-secerului\/#primaryimage"},"image":{"@id":"https:\/\/www.protopopiatebn.ro\/index.php\/parohia-greco-catolica-feldru-valea-secerului\/#primaryimage"},"thumbnailUrl":"https:\/\/www.protopopiatebn.ro\/wp-content\/uploads\/2023\/08\/WhatsApp-Image-2023-07-25-at-10.54.40-5.jpeg","datePublished":"2023-08-14T11:02:55+00:00","dateModified":"2023-10-21T12:08:19+00:00","breadcrumb":{"@id":"https:\/\/www.protopopiatebn.ro\/index.php\/parohia-greco-catolica-feldru-valea-secerului\/#breadcrumb"},"inLanguage":"ro-RO","potentialAction":[{"@type":"ReadAction","target":["https:\/\/www.protopopiatebn.ro\/index.php\/parohia-greco-catolica-feldru-valea-secerului\/"]}]},{"@type":"ImageObject","inLanguage":"ro-RO","@id":"https:\/\/www.protopopiatebn.ro\/index.php\/parohia-greco-catolica-feldru-valea-secerului\/#primaryimage","url":"https:\/\/www.protopopiatebn.ro\/wp-content\/uploads\/2023\/08\/WhatsApp-Image-2023-07-25-at-10.54.40-5.jpeg","contentUrl":"https:\/\/www.protopopiatebn.ro\/wp-content\/uploads\/2023\/08\/WhatsApp-Image-2023-07-25-at-10.54.40-5.jpeg","width":1024,"height":770},{"@type":"BreadcrumbList","@id":"https:\/\/www.protopopiatebn.ro\/index.php\/parohia-greco-catolica-feldru-valea-secerului\/#breadcrumb","itemListElement":[{"@type":"ListItem","position":1,"name":"Home","item":"https:\/\/www.protopopiatebn.ro\/"},{"@type":"ListItem","position":2,"name":"Parohia Greco-Catolic\u0103 Feldru Valea Secerului"}]},{"@type":"WebSite","@id":"https:\/\/www.protopopiatebn.ro\/#website","url":"https:\/\/www.protopopiatebn.ro\/","name":"PROTOPOPIATELE GRECO-CATOLICE BECLEAN, BISTRI\u021aA \u0218I RODNA","description":"","potentialAction":[{"@type":"SearchAction","target":{"@type":"EntryPoint","urlTemplate":"https:\/\/www.protopopiatebn.ro\/?s={search_term_string}"},"query-input":{"@type":"PropertyValueSpecification","valueRequired":true,"valueName":"search_term_string"}}],"inLanguage":"ro-RO"}]}},"_links":{"self":[{"href":"https:\/\/www.protopopiatebn.ro\/index.php\/wp-json\/wp\/v2\/pages\/423","targetHints":{"allow":["GET"]}}],"collection":[{"href":"https:\/\/www.protopopiatebn.ro\/index.php\/wp-json\/wp\/v2\/pages"}],"about":[{"href":"https:\/\/www.protopopiatebn.ro\/index.php\/wp-json\/wp\/v2\/types\/page"}],"author":[{"embeddable":true,"href":"https:\/\/www.protopopiatebn.ro\/index.php\/wp-json\/wp\/v2\/users\/3"}],"replies":[{"embeddable":true,"href":"https:\/\/www.protopopiatebn.ro\/index.php\/wp-json\/wp\/v2\/comments?post=423"}],"version-history":[{"count":6,"href":"https:\/\/www.protopopiatebn.ro\/index.php\/wp-json\/wp\/v2\/pages\/423\/revisions"}],"predecessor-version":[{"id":568,"href":"https:\/\/www.protopopiatebn.ro\/index.php\/wp-json\/wp\/v2\/pages\/423\/revisions\/568"}],"wp:attachment":[{"href":"https:\/\/www.protopopiatebn.ro\/index.php\/wp-json\/wp\/v2\/media?parent=423"}],"curies":[{"name":"wp","href":"https:\/\/api.w.org\/{rel}","templated":true}]}}